{"id":5029,"date":"2023-10-25T20:22:29","date_gmt":"2023-10-25T17:22:29","guid":{"rendered":"https:\/\/utcstav.com\/?page_id=5029"},"modified":"2023-10-25T20:37:43","modified_gmt":"2023-10-25T17:37:43","slug":"acik-riza-metni","status":"publish","type":"page","link":"https:\/\/utcstav.com\/en\/open-consent-text\/","title":{"rendered":"Open Consent Text"},"content":{"rendered":"<div data-elementor-type=\"wp-page\" data-elementor-id=\"5029\" class=\"elementor elementor-5029\">\n\t\t\t\t\t\t<section class=\"elementor-section elementor-top-section elementor-element elementor-element-cc8af21 elementor-section-boxed elementor-section-height-default elementor-section-height-default\" data-id=\"cc8af21\" data-element_type=\"section\" data-settings=\"{&quot;background_background&quot;:&quot;slideshow&quot;,&quot;background_slideshow_gallery&quot;:[{&quot;id&quot;:1203,&quot;url&quot;:&quot;https:\\\/\\\/gaviaspreview.com\\\/wp\\\/conult\\\/wp-content\\\/uploads\\\/2021\\\/12\\\/bg-9.jpg&quot;},{&quot;id&quot;:1008,&quot;url&quot;:&quot;https:\\\/\\\/gaviaspreview.com\\\/wp\\\/conult\\\/wp-content\\\/uploads\\\/2021\\\/10\\\/breadcrumb.jpg&quot;}],&quot;background_slideshow_ken_burns&quot;:&quot;yes&quot;,&quot;tmea_shape_divider_top&quot;:&quot;none&quot;,&quot;tmea_shape_divider_bottom&quot;:&quot;none&quot;,&quot;background_slideshow_loop&quot;:&quot;yes&quot;,&quot;background_slideshow_slide_duration&quot;:5000,&quot;background_slideshow_slide_transition&quot;:&quot;fade&quot;,&quot;background_slideshow_transition_duration&quot;:500,&quot;background_slideshow_ken_burns_zoom_direction&quot;:&quot;in&quot;}\">\n\t\t\t\t\t\t<div class=\"elementor-container elementor-column-gap-default\">\n\t\t\t\t\t<div class=\"elementor-column elementor-col-100 elementor-top-column elementor-element elementor-element-1081aa2\" data-id=\"1081aa2\" data-element_type=\"column\">\n\t\t\t<div class=\"elementor-widget-wrap elementor-element-populated\">\n\t\t\t\t\n\t\t<div class=\"elementor-element elementor-element-c7f03a3 elementor-widget elementor-widget-gva-heading-block\" data-id=\"c7f03a3\" data-element_type=\"widget\" data-widget_type=\"gva-heading-block.default\">\n\t\t\t\t<div class=\"elementor-widget-container\">\n\t\t\t\t\t<div class=\"gva-element-gva-heading-block gva-element\">   <div class=\"align-center style-1 widget gsc-heading box-align-left auto-responsive\">\r\n      <div class=\"content-inner\">\r\n         \r\n         \r\n         \r\n           \r\n         \r\n                     <h2 class=\"title\">\r\n               <span>Open Consent Text<\/span>\r\n            <\/h2>\r\n                  \r\n         \r\n      <\/div>\r\n   <\/div>\r\n<\/div>\t\t\t\t<\/div>\n\t\t\t\t<\/div>\n\t\t\t\t\t<\/div>\n\t\t<\/div>\n\t\t\t\t\t<\/div>\n\t\t<\/section>\n\t\t\t\t<section class=\"elementor-section elementor-top-section elementor-element elementor-element-4c28251 elementor-section-boxed elementor-section-height-default elementor-section-height-default\" data-id=\"4c28251\" data-element_type=\"section\" data-settings=\"{&quot;tmea_shape_divider_top&quot;:&quot;none&quot;,&quot;tmea_shape_divider_bottom&quot;:&quot;none&quot;}\">\n\t\t\t\t\t\t<div class=\"elementor-container elementor-column-gap-default\">\n\t\t\t\t\t<div class=\"elementor-column elementor-col-100 elementor-top-column elementor-element elementor-element-3723b0c\" data-id=\"3723b0c\" data-element_type=\"column\">\n\t\t\t<div class=\"elementor-widget-wrap elementor-element-populated\">\n\t\t\t\t\t\t<div class=\"elementor-element elementor-element-e8a390c elementor-widget elementor-widget-heading\" data-id=\"e8a390c\" data-element_type=\"widget\" data-widget_type=\"heading.default\">\n\t\t\t\t<div class=\"elementor-widget-container\">\n\t\t\t\t\t<h2 class=\"elementor-heading-title elementor-size-default\">Open Consent Text<\/h2>\t\t\t\t<\/div>\n\t\t\t\t<\/div>\n\t\t\t\t<section class=\"elementor-section elementor-inner-section elementor-element elementor-element-3a7b401 elementor-section-boxed elementor-section-height-default elementor-section-height-default\" data-id=\"3a7b401\" data-element_type=\"section\" data-settings=\"{&quot;tmea_shape_divider_top&quot;:&quot;none&quot;,&quot;tmea_shape_divider_bottom&quot;:&quot;none&quot;}\">\n\t\t\t\t\t\t<div class=\"elementor-container elementor-column-gap-default\">\n\t\t\t\t\t<div class=\"elementor-column elementor-col-100 elementor-inner-column elementor-element elementor-element-291d273\" data-id=\"291d273\" data-element_type=\"column\">\n\t\t\t<div class=\"elementor-widget-wrap elementor-element-populated\">\n\t\t\t\t\t\t<div class=\"elementor-element elementor-element-1ff829c elementor-widget elementor-widget-text-editor\" data-id=\"1ff829c\" data-element_type=\"widget\" data-widget_type=\"text-editor.default\">\n\t\t\t\t<div class=\"elementor-widget-container\">\n\t\t\t\t\t\t\t\t\t<p style=\"text-align: justify;\"><span style=\"font-weight: bolder; color: var(--conult-body-color); font-family: var(--conult-font-sans-serif);\">www.sistemtav.com<\/span>&nbsp;I hereby accept, declare and undertake that the necessary information has been provided to me in accordance with the provisions of the relevant legislation and the texts titled Personal Data Protection Policy, Personal Data Protection and Processing General Information Text, Cookie Use Policy and Privacy Policy available on the website before any data processing is carried out for me, that my explicit consent has not been claimed as a precondition for the offering of a product or service or for me to benefit from a product or service, that I have been provided with clear and understandable information on all matters related to data processing, that I understand the purposes for which my personal data will be used and that I have fully read and understood the relevant policy and documents.<\/p>\n<p style=\"text-align: justify;\">In this context, in accordance with the Personal Data Protection Law No. 6698 (KVKK), I act as the data controller to carry out and carry out my personal data and domain name allocation transactions.&nbsp;<span style=\"font-weight: bolder; color: var(--conult-body-color); font-family: var(--conult-font-sans-serif);\">System<\/span><span style=\"font-weight: bolder; color: var(--conult-body-color); font-family: var(--conult-font-sans-serif);\">&nbsp;<\/span><span style=\"color: var(--conult-body-color); font-family: var(--conult-font-sans-serif); font-weight: bolder;\">Poultry Equipment Industry and Trade Ltd. Co.<\/span><span style=\"color: var(--conult-body-color); font-family: var(--conult-font-sans-serif);\">&nbsp;by&nbsp;<\/span><span style=\"color: var(--conult-body-color); font-family: var(--conult-font-sans-serif); font-weight: 700;\">www.sistemtav.com<\/span><span style=\"color: var(--conult-body-color); font-family: var(--conult-font-sans-serif);\">&nbsp;I hereby consent, with my own free will, to any and all operations performed on data such as obtaining, recording, storing, preserving, changing, rearranging, disclosing, transferring, taking over, making available, classifying or preventing its use, in accordance with the Personal Data Protection Policy, the General Disclosure Text on the Protection and Processing of Personal Data, Cookies Use Policy and Privacy Policy texts available on the website, by fully or partially automatic means or, provided that it is part of any data recording system, by non-automatic means; to perform some and\/or all of these operations by the data controllers it deems appropriate, and, if necessary, to share them directly and\/or indirectly with third parties with whom it is a business partner and\/or from whom it receives services, and relevant public institutions and organizations in Turkey and\/or abroad, as required by the company's activities; and that all responsibilities arising from all intermediary operations belong to me.<\/span><\/p>\t\t\t\t\t\t\t\t<\/div>\n\t\t\t\t<\/div>\n\t\t\t\t\t<\/div>\n\t\t<\/div>\n\t\t\t\t\t<\/div>\n\t\t<\/section>\n\t\t\t\t\t<\/div>\n\t\t<\/div>\n\t\t\t\t\t<\/div>\n\t\t<\/section>\n\t\t\t\t<section class=\"elementor-section elementor-top-section elementor-element elementor-element-31c9255 elementor-section-boxed elementor-section-height-default elementor-section-height-default\" data-id=\"31c9255\" data-element_type=\"section\" data-settings=\"{&quot;tmea_shape_divider_top&quot;:&quot;none&quot;,&quot;tmea_shape_divider_bottom&quot;:&quot;none&quot;}\">\n\t\t\t\t\t\t<div class=\"elementor-container elementor-column-gap-default\">\n\t\t\t\t\t<div class=\"elementor-column elementor-col-100 elementor-top-column elementor-element elementor-element-1c1706c\" data-id=\"1c1706c\" data-element_type=\"column\">\n\t\t\t<div class=\"elementor-widget-wrap\">\n\t\t\t\t\t\t\t<\/div>\n\t\t<\/div>\n\t\t\t\t\t<\/div>\n\t\t<\/section>\n\t\t\t\t<\/div>","protected":false},"excerpt":{"rendered":"<p>A\u00e7\u0131k R\u0131za Metni A\u00e7\u0131k R\u0131za Metni www.sistemtav.com&nbsp;internet sitesinde yer alan Ki\u015fisel Verilerin Korunmas\u0131 Politikas\u0131, Ki\u015fisel Verilerin Korunmas\u0131 ve \u0130\u015flenmesi Genel Ayd\u0131nlatma Metni, \u00c7erez Kullan\u0131m Politikas\u0131 ve Gizlilik Politikas\u0131 ba\u015fl\u0131kl\u0131 metinler ile gerekli ayd\u0131nlatman\u0131n \u015fahs\u0131ma veri i\u015flemesinden \u00f6nce ilgili mevzuat h\u00fck\u00fcmlerine uygun \u015fekilde yap\u0131ld\u0131\u011f\u0131n\u0131, a\u00e7\u0131k r\u0131zam\u0131n bir \u00fcr\u00fcn veya hizmetin sunulmas\u0131na ya da \u00fcr\u00fcn veya hizmetten [&hellip;]<\/p>","protected":false},"author":1,"featured_media":0,"parent":0,"menu_order":0,"comment_status":"closed","ping_status":"closed","template":"","meta":{"footnotes":""},"class_list":["post-5029","page","type-page","status-publish","hentry"],"_links":{"self":[{"href":"https:\/\/utcstav.com\/en\/wp-json\/wp\/v2\/pages\/5029","targetHints":{"allow":["GET"]}}],"collection":[{"href":"https:\/\/utcstav.com\/en\/wp-json\/wp\/v2\/pages"}],"about":[{"href":"https:\/\/utcstav.com\/en\/wp-json\/wp\/v2\/types\/page"}],"author":[{"embeddable":true,"href":"https:\/\/utcstav.com\/en\/wp-json\/wp\/v2\/users\/1"}],"replies":[{"embeddable":true,"href":"https:\/\/utcstav.com\/en\/wp-json\/wp\/v2\/comments?post=5029"}],"version-history":[{"count":0,"href":"https:\/\/utcstav.com\/en\/wp-json\/wp\/v2\/pages\/5029\/revisions"}],"wp:attachment":[{"href":"https:\/\/utcstav.com\/en\/wp-json\/wp\/v2\/media?parent=5029"}],"curies":[{"name":"wp","href":"https:\/\/api.w.org\/{rel}","templated":true}]}}