{"id":4991,"date":"2023-10-25T19:56:01","date_gmt":"2023-10-25T16:56:01","guid":{"rendered":"https:\/\/utcstav.com\/?page_id=4991"},"modified":"2023-10-25T20:01:19","modified_gmt":"2023-10-25T17:01:19","slug":"cerez-politikasi","status":"publish","type":"page","link":"https:\/\/utcstav.com\/en\/cookie-policy\/","title":{"rendered":"Cookie Policy"},"content":{"rendered":"<div data-elementor-type=\"wp-page\" data-elementor-id=\"4991\" class=\"elementor elementor-4991\">\n\t\t\t\t\t\t<section class=\"elementor-section elementor-top-section elementor-element elementor-element-cc8af21 elementor-section-boxed elementor-section-height-default elementor-section-height-default\" data-id=\"cc8af21\" data-element_type=\"section\" data-settings=\"{&quot;background_background&quot;:&quot;slideshow&quot;,&quot;background_slideshow_gallery&quot;:[{&quot;id&quot;:1203,&quot;url&quot;:&quot;https:\\\/\\\/gaviaspreview.com\\\/wp\\\/conult\\\/wp-content\\\/uploads\\\/2021\\\/12\\\/bg-9.jpg&quot;},{&quot;id&quot;:1008,&quot;url&quot;:&quot;https:\\\/\\\/gaviaspreview.com\\\/wp\\\/conult\\\/wp-content\\\/uploads\\\/2021\\\/10\\\/breadcrumb.jpg&quot;}],&quot;background_slideshow_ken_burns&quot;:&quot;yes&quot;,&quot;tmea_shape_divider_top&quot;:&quot;none&quot;,&quot;tmea_shape_divider_bottom&quot;:&quot;none&quot;,&quot;background_slideshow_loop&quot;:&quot;yes&quot;,&quot;background_slideshow_slide_duration&quot;:5000,&quot;background_slideshow_slide_transition&quot;:&quot;fade&quot;,&quot;background_slideshow_transition_duration&quot;:500,&quot;background_slideshow_ken_burns_zoom_direction&quot;:&quot;in&quot;}\">\n\t\t\t\t\t\t<div class=\"elementor-container elementor-column-gap-default\">\n\t\t\t\t\t<div class=\"elementor-column elementor-col-100 elementor-top-column elementor-element elementor-element-1081aa2\" data-id=\"1081aa2\" data-element_type=\"column\">\n\t\t\t<div class=\"elementor-widget-wrap elementor-element-populated\">\n\t\t\t\t\n\t\t<div class=\"elementor-element elementor-element-c7f03a3 elementor-widget elementor-widget-gva-heading-block\" data-id=\"c7f03a3\" data-element_type=\"widget\" data-widget_type=\"gva-heading-block.default\">\n\t\t\t\t<div class=\"elementor-widget-container\">\n\t\t\t\t\t<div class=\"gva-element-gva-heading-block gva-element\">   <div class=\"align-center style-1 widget gsc-heading box-align-left auto-responsive\">\r\n      <div class=\"content-inner\">\r\n         \r\n         \r\n         \r\n           \r\n         \r\n                     <h2 class=\"title\">\r\n               <span>Cookie Policy<\/span>\r\n            <\/h2>\r\n                  \r\n         \r\n      <\/div>\r\n   <\/div>\r\n<\/div>\t\t\t\t<\/div>\n\t\t\t\t<\/div>\n\t\t\t\t\t<\/div>\n\t\t<\/div>\n\t\t\t\t\t<\/div>\n\t\t<\/section>\n\t\t\t\t<section class=\"elementor-section elementor-top-section elementor-element elementor-element-4c28251 elementor-section-boxed elementor-section-height-default elementor-section-height-default\" data-id=\"4c28251\" data-element_type=\"section\" data-settings=\"{&quot;tmea_shape_divider_top&quot;:&quot;none&quot;,&quot;tmea_shape_divider_bottom&quot;:&quot;none&quot;}\">\n\t\t\t\t\t\t<div class=\"elementor-container elementor-column-gap-default\">\n\t\t\t\t\t<div class=\"elementor-column elementor-col-100 elementor-top-column elementor-element elementor-element-3723b0c\" data-id=\"3723b0c\" data-element_type=\"column\">\n\t\t\t<div class=\"elementor-widget-wrap elementor-element-populated\">\n\t\t\t\t\t\t<div class=\"elementor-element elementor-element-e8a390c elementor-widget elementor-widget-heading\" data-id=\"e8a390c\" data-element_type=\"widget\" data-widget_type=\"heading.default\">\n\t\t\t\t<div class=\"elementor-widget-container\">\n\t\t\t\t\t<h2 class=\"elementor-heading-title elementor-size-default\">Cookie Policy<\/h2>\t\t\t\t<\/div>\n\t\t\t\t<\/div>\n\t\t\t\t<section class=\"elementor-section elementor-inner-section elementor-element elementor-element-3a7b401 elementor-section-boxed elementor-section-height-default elementor-section-height-default\" data-id=\"3a7b401\" data-element_type=\"section\" data-settings=\"{&quot;tmea_shape_divider_top&quot;:&quot;none&quot;,&quot;tmea_shape_divider_bottom&quot;:&quot;none&quot;}\">\n\t\t\t\t\t\t<div class=\"elementor-container elementor-column-gap-default\">\n\t\t\t\t\t<div class=\"elementor-column elementor-col-100 elementor-inner-column elementor-element elementor-element-291d273\" data-id=\"291d273\" data-element_type=\"column\">\n\t\t\t<div class=\"elementor-widget-wrap elementor-element-populated\">\n\t\t\t\t\t\t<div class=\"elementor-element elementor-element-1ff829c elementor-widget elementor-widget-text-editor\" data-id=\"1ff829c\" data-element_type=\"widget\" data-widget_type=\"text-editor.default\">\n\t\t\t\t<div class=\"elementor-widget-container\">\n\t\t\t\t\t\t\t\t\t<h3 style=\"text-align: justify;\">What is a Cookie?<\/h3>\n<p style=\"text-align: justify;\">Cookies are small text files stored in the web browser directory or program databases. Cookies serve functions such as tracking website activity, allowing users to continue browsing from where they left off, remembering saved login information, preferences, theme selections, and special features.<\/p>\n<h3 style=\"text-align: justify;\">For What Purpose Is It Used?<\/h3>\n<p style=\"text-align: justify;\"><span style=\"font-weight: bolder; color: var(--conult-body-color); font-family: var(--conult-font-sans-serif);\">www.sistemtav.com<\/span>&nbsp;In order to provide users with customized services in line with their needs when receiving services from the website, it is necessary to remember and save user information in the user interface of the website.&nbsp;<span style=\"font-weight: bolder;\">www.sistemtav.com<\/span>&nbsp;Each time they visit the website, their internet browser sends cookies to this website; this way, the website recognizes the user and remembers information such as user preferences, thus providing ease of use.<\/p>\n<h3 style=\"text-align: justify;\">Types of Cookies Used and Why?<\/h3>\n<p style=\"text-align: justify;\"><span style=\"font-weight: bolder; color: var(--conult-body-color); font-family: var(--conult-font-sans-serif);\">www.sistemtav.com<\/span>&nbsp;Functional Cookies are used on the site. For example, user preferences such as language and country selection are recorded, and personalized services are provided to the user the next time they log in. Web beacons or tracking cursors are used to measure the number of visitors, and Performance Cookies are used to monitor the number of individual users on the site and the frequency with which users access the site.&nbsp;<span style=\"font-weight: bolder;\">www.sistemtav.com<\/span>&nbsp;Analytical data is also collected to understand the effectiveness of the content on the site and the interests of users. This information is used for statistical purposes. Additionally, various advertising cookies are also used based on user preferences.&nbsp;<span style=\"font-weight: bolder;\">www.sistemtav.com<\/span>&nbsp;is located on the website.<\/p>\n<h3 style=\"text-align: justify;\">How to Control Cookies?<\/h3>\n<p style=\"text-align: justify;\">Users&nbsp;<span style=\"font-weight: bolder;\">www.sistemtav.com<\/span>&nbsp;By accessing the website, users agree that the cookies listed above may be placed. Users can control and manage cookies in various ways. Blocking or deleting cookies may affect website usability and cause problems with using certain services.<\/p>\n<h3 style=\"text-align: justify;\">How to Block Cookies?<\/h3>\n<p style=\"text-align: justify;\">Browsers allow users to view the cookies on their devices, delete cookies individually, or block cookies from specific or all websites. If users delete cookies, their preferences will also be deleted.<\/p>\t\t\t\t\t\t\t\t<\/div>\n\t\t\t\t<\/div>\n\t\t\t\t\t<\/div>\n\t\t<\/div>\n\t\t\t\t\t<\/div>\n\t\t<\/section>\n\t\t\t\t\t<\/div>\n\t\t<\/div>\n\t\t\t\t\t<\/div>\n\t\t<\/section>\n\t\t\t\t<section class=\"elementor-section elementor-top-section elementor-element elementor-element-31c9255 elementor-section-boxed elementor-section-height-default elementor-section-height-default\" data-id=\"31c9255\" data-element_type=\"section\" data-settings=\"{&quot;tmea_shape_divider_top&quot;:&quot;none&quot;,&quot;tmea_shape_divider_bottom&quot;:&quot;none&quot;}\">\n\t\t\t\t\t\t<div class=\"elementor-container elementor-column-gap-default\">\n\t\t\t\t\t<div class=\"elementor-column elementor-col-100 elementor-top-column elementor-element elementor-element-1c1706c\" data-id=\"1c1706c\" data-element_type=\"column\">\n\t\t\t<div class=\"elementor-widget-wrap\">\n\t\t\t\t\t\t\t<\/div>\n\t\t<\/div>\n\t\t\t\t\t<\/div>\n\t\t<\/section>\n\t\t\t\t<\/div>","protected":false},"excerpt":{"rendered":"<p>\u00c7erez Politikas\u0131 \u00c7erez Politikas\u0131 \u00c7erez Nedir? Web taray\u0131c\u0131 dizininde ya da program veri alt k\u0131s\u0131mlar\u0131nda saklanan k\u00fc\u00e7\u00fck metin dosyalar\u0131na cookies ya da T\u00fcrk\u00e7e ad\u0131 ile \u00e7erez ismi verilmektedir. \u00c7erezlerin kullan\u0131lan web sitesindeki hareketleri takip etmek, sitede b\u0131rak\u0131ld\u0131\u011f\u0131 yerden devam edebilmek, kay\u0131tl\u0131 giri\u015f bilgilerinin hat\u0131rlanmas\u0131, tercihler, tema se\u00e7imleri ve \u00f6zel i\u015flevlerin hat\u0131rlanmas\u0131 gibi i\u015flevleri vard\u0131r. Ne [&hellip;]<\/p>","protected":false},"author":1,"featured_media":0,"parent":0,"menu_order":0,"comment_status":"closed","ping_status":"closed","template":"","meta":{"footnotes":""},"class_list":["post-4991","page","type-page","status-publish","hentry"],"_links":{"self":[{"href":"https:\/\/utcstav.com\/en\/wp-json\/wp\/v2\/pages\/4991","targetHints":{"allow":["GET"]}}],"collection":[{"href":"https:\/\/utcstav.com\/en\/wp-json\/wp\/v2\/pages"}],"about":[{"href":"https:\/\/utcstav.com\/en\/wp-json\/wp\/v2\/types\/page"}],"author":[{"embeddable":true,"href":"https:\/\/utcstav.com\/en\/wp-json\/wp\/v2\/users\/1"}],"replies":[{"embeddable":true,"href":"https:\/\/utcstav.com\/en\/wp-json\/wp\/v2\/comments?post=4991"}],"version-history":[{"count":0,"href":"https:\/\/utcstav.com\/en\/wp-json\/wp\/v2\/pages\/4991\/revisions"}],"wp:attachment":[{"href":"https:\/\/utcstav.com\/en\/wp-json\/wp\/v2\/media?parent=4991"}],"curies":[{"name":"wp","href":"https:\/\/api.w.org\/{rel}","templated":true}]}}