{"id":1863,"date":"2023-05-21T10:01:36","date_gmt":"2023-05-21T07:01:36","guid":{"rendered":"https:\/\/utcstav.com\/?page_id=1863"},"modified":"2023-12-01T02:02:07","modified_gmt":"2023-11-30T23:02:07","slug":"kullanim-kosullari","status":"publish","type":"page","link":"https:\/\/utcstav.com\/en\/terms-of-use\/","title":{"rendered":"Terms of Use"},"content":{"rendered":"<div data-elementor-type=\"wp-page\" data-elementor-id=\"1863\" class=\"elementor elementor-1863\">\n\t\t\t\t\t\t<section class=\"elementor-section elementor-top-section elementor-element elementor-element-cc8af21 elementor-section-boxed elementor-section-height-default elementor-section-height-default\" data-id=\"cc8af21\" data-element_type=\"section\" data-settings=\"{&quot;background_background&quot;:&quot;slideshow&quot;,&quot;background_slideshow_gallery&quot;:[{&quot;id&quot;:1203,&quot;url&quot;:&quot;https:\\\/\\\/gaviaspreview.com\\\/wp\\\/conult\\\/wp-content\\\/uploads\\\/2021\\\/12\\\/bg-9.jpg&quot;},{&quot;id&quot;:1008,&quot;url&quot;:&quot;https:\\\/\\\/gaviaspreview.com\\\/wp\\\/conult\\\/wp-content\\\/uploads\\\/2021\\\/10\\\/breadcrumb.jpg&quot;}],&quot;background_slideshow_ken_burns&quot;:&quot;yes&quot;,&quot;tmea_shape_divider_top&quot;:&quot;none&quot;,&quot;tmea_shape_divider_bottom&quot;:&quot;none&quot;,&quot;background_slideshow_loop&quot;:&quot;yes&quot;,&quot;background_slideshow_slide_duration&quot;:5000,&quot;background_slideshow_slide_transition&quot;:&quot;fade&quot;,&quot;background_slideshow_transition_duration&quot;:500,&quot;background_slideshow_ken_burns_zoom_direction&quot;:&quot;in&quot;}\">\n\t\t\t\t\t\t<div class=\"elementor-container elementor-column-gap-default\">\n\t\t\t\t\t<div class=\"elementor-column elementor-col-100 elementor-top-column elementor-element elementor-element-1081aa2\" data-id=\"1081aa2\" data-element_type=\"column\">\n\t\t\t<div class=\"elementor-widget-wrap elementor-element-populated\">\n\t\t\t\t\n\t\t<div class=\"elementor-element elementor-element-c7f03a3 elementor-widget elementor-widget-gva-heading-block\" data-id=\"c7f03a3\" data-element_type=\"widget\" data-widget_type=\"gva-heading-block.default\">\n\t\t\t\t<div class=\"elementor-widget-container\">\n\t\t\t\t\t<div class=\"gva-element-gva-heading-block gva-element\">   <div class=\"align-center style-1 widget gsc-heading box-align-left auto-responsive\">\r\n      <div class=\"content-inner\">\r\n         \r\n         \r\n         \r\n           \r\n         \r\n                     <h2 class=\"title\">\r\n               <span>Terms of Use<\/span>\r\n            <\/h2>\r\n                  \r\n         \r\n      <\/div>\r\n   <\/div>\r\n<\/div>\t\t\t\t<\/div>\n\t\t\t\t<\/div>\n\t\t\t\t\t<\/div>\n\t\t<\/div>\n\t\t\t\t\t<\/div>\n\t\t<\/section>\n\t\t\t\t<section class=\"elementor-section elementor-top-section elementor-element elementor-element-4c28251 elementor-section-boxed elementor-section-height-default elementor-section-height-default\" data-id=\"4c28251\" data-element_type=\"section\" data-settings=\"{&quot;tmea_shape_divider_top&quot;:&quot;none&quot;,&quot;tmea_shape_divider_bottom&quot;:&quot;none&quot;}\">\n\t\t\t\t\t\t<div class=\"elementor-container elementor-column-gap-default\">\n\t\t\t\t\t<div class=\"elementor-column elementor-col-100 elementor-top-column elementor-element elementor-element-3723b0c\" data-id=\"3723b0c\" data-element_type=\"column\">\n\t\t\t<div class=\"elementor-widget-wrap elementor-element-populated\">\n\t\t\t\t\t\t<div class=\"elementor-element elementor-element-e8a390c elementor-widget elementor-widget-heading\" data-id=\"e8a390c\" data-element_type=\"widget\" data-widget_type=\"heading.default\">\n\t\t\t\t<div class=\"elementor-widget-container\">\n\t\t\t\t\t<h2 class=\"elementor-heading-title elementor-size-default\">Terms of Use<\/h2>\t\t\t\t<\/div>\n\t\t\t\t<\/div>\n\t\t\t\t<section class=\"elementor-section elementor-inner-section elementor-element elementor-element-3a7b401 elementor-section-boxed elementor-section-height-default elementor-section-height-default\" data-id=\"3a7b401\" data-element_type=\"section\" data-settings=\"{&quot;tmea_shape_divider_top&quot;:&quot;none&quot;,&quot;tmea_shape_divider_bottom&quot;:&quot;none&quot;}\">\n\t\t\t\t\t\t<div class=\"elementor-container elementor-column-gap-default\">\n\t\t\t\t\t<div class=\"elementor-column elementor-col-100 elementor-inner-column elementor-element elementor-element-291d273\" data-id=\"291d273\" data-element_type=\"column\">\n\t\t\t<div class=\"elementor-widget-wrap elementor-element-populated\">\n\t\t\t\t\t\t<div class=\"elementor-element elementor-element-1ff829c elementor-widget elementor-widget-text-editor\" data-id=\"1ff829c\" data-element_type=\"widget\" data-widget_type=\"text-editor.default\">\n\t\t\t\t<div class=\"elementor-widget-container\">\n\t\t\t\t\t\t\t\t\t<p style=\"text-align: justify;\" class=\"translation-block\">These Terms of Use and Privacy Policy regulate the provisions regarding the information and services provided by the <span style=\"font-weight: bolder;color: var(--conult-body-color);font-family: var(--conult-font-sans-serif)\">System<\/span><span style=\"font-weight: bolder;color: var(--conult-body-color);font-family: var(--conult-font-sans-serif)\">\u00a0<\/span><strong style=\"color: var(--conult-body-color);font-family: var(--conult-font-sans-serif)\"><span>Poultry Equipment Ind. and Tic. Ltd. Sti.<\/span><\/strong><span style=\"color: var(--conult-body-color);font-family: var(--conult-font-sans-serif)\"> website to the users. <\/span><strong style=\"color: var(--conult-body-color);font-family: var(--conult-font-sans-serif)\">www.sistemtav.com<\/strong><span style=\"color: var(--conult-body-color);font-family: var(--conult-font-sans-serif)\"> Each user who enters the Site or uses any information on the Site will be deemed to have read and accepted the provisions of the Terms of Use and Privacy Policy.<\/span><\/p>\n<p style=\"text-align: justify;\"><strong>TERMS OF USE<\/strong><\/p>\n<ol>\n<li style=\"text-align: justify;\">All content, promotion and information on the Site are for informational purposes only.&nbsp;<strong><span><span style=\"font-weight: bolder;\"><span>System&nbsp;<\/span><\/span>Poultry Equipment Industry and Trade Ltd. Co.<\/span><\/strong> and the user are not responsible for any direct or indirect damages that may arise from entering the Site, using the Site or the information and\/or programs and data on the Site.&nbsp;<strong><span><span style=\"font-weight: bolder;\"><span>System&nbsp;<\/span><\/span>Poultry Equipment Industry and Trade Ltd. Co.<\/span><\/strong> or any member of the board of directors,&nbsp;<strong><span><span style=\"font-weight: bolder;\"><span>System&nbsp;<\/span><\/span>Poultry Equipment Industry and Trade Ltd. Co.<\/span><\/strong>&nbsp;manager and\/or employee is not responsible.<\/li>\n<li style=\"text-align: justify;\"><strong><span><span style=\"font-weight: bolder;\"><span>System&nbsp;<\/span><\/span>Poultry Equipment Industry and Trade Ltd. Co.<\/span><\/strong>, has the right to change any service, design, product and information available on the Site, as well as these Terms of Use and Privacy Policy, at any time without prior notice, to stop publication, to rearrange or close the Site.&nbsp;<\/li>\n<li style=\"text-align: justify;\">By logging into the site, the changes made are deemed to be accepted by the user. Intellectual and industrial property rights published on the site&nbsp;<strong><span><span style=\"font-weight: bolder;\"><span>System&nbsp;<\/span><\/span>Poultry Equipment Industry and Trade Ltd. Co.<\/span><\/strong>All rights to all written, audio, visual, and electronic materials belonging to are reserved. Inclusion of these materials on the Site does not constitute granting any authorization, permission, or license to use these materials.&nbsp;<strong><span><span style=\"font-weight: bolder;\"><span>System&nbsp;<\/span><\/span>Poultry Equipment Industry and Trade Ltd. Co.<\/span><\/strong>It may not be copied, reproduced, reproduced or used in any way without the written permission of . The legal liability that may arise from any use that violates intellectual and industrial property rights belongs to the violating user.<\/li>\n<li style=\"text-align: justify;\">While precautions have been taken to ensure that the Site is free of viruses, Trojans, and similar malicious software, the user is responsible for providing their own virus protection system. Users are responsible for any errors or consequences that may occur in the user's operating system or software due to accessing the Site.&nbsp;<strong><span><span style=\"font-weight: bolder;\"><span>System&nbsp;<\/span><\/span>Poultry Equipment Industry and Trade Ltd. Co.<\/span><\/strong>&nbsp;cannot be held responsible in any way.<\/li>\n<li style=\"text-align: justify;\">While every precaution has been taken to ensure that the site is error-free, no guarantee is given regarding existing or potential errors. We are not responsible for any interruptions or delays in the content published, and any damages that may result from these interruptions.&nbsp;<strong><span><span style=\"font-weight: bolder;\"><span>System&nbsp;<\/span><\/span>Poultry Equipment Industry and Trade Ltd. Co.<\/span><\/strong>&nbsp;cannot be held responsible.<\/li>\n<li style=\"text-align: justify;\">Merely filling out the application forms on the Site does not allow users to claim any acquired rights.<\/li>\n<li style=\"text-align: justify;\">Site&nbsp;<strong><span><span style=\"font-weight: bolder;\"><span>System&nbsp;<\/span><\/span>Poultry Equipment Industry and Trade Ltd. Co.<\/span><\/strong>It may contain links or references to other websites that are not under the control of .&nbsp;<strong><span><span style=\"font-weight: bolder;\"><span>System&nbsp;<\/span><\/span>Poultry Equipment Industry and Trade Ltd. Co.<\/span><\/strong>is not responsible for the content of these websites and\/or other links they contain.<\/li>\n<li style=\"text-align: justify;\">By using the Site, the User accepts, declares and undertakes that he\/she has read these Terms of Use in their entirety, fully understood their content and approved all their provisions.<\/li>\n<li style=\"text-align: justify;\">Terms of Use&nbsp;<strong><span><span style=\"font-weight: bolder;\"><span class=\"selectable-text copyable-text\">System&nbsp;<\/span><\/span>Poultry Equipment Industry and Trade Ltd. Co.<\/span><\/strong>It cannot be copied, reproduced or used for any commercial purpose, even by citing the source, without the written permission of .<\/li>\n<\/ol>\t\t\t\t\t\t\t\t<\/div>\n\t\t\t\t<\/div>\n\t\t\t\t\t<\/div>\n\t\t<\/div>\n\t\t\t\t\t<\/div>\n\t\t<\/section>\n\t\t\t\t\t<\/div>\n\t\t<\/div>\n\t\t\t\t\t<\/div>\n\t\t<\/section>\n\t\t\t\t<section class=\"elementor-section elementor-top-section elementor-element elementor-element-31c9255 elementor-section-boxed elementor-section-height-default elementor-section-height-default\" data-id=\"31c9255\" data-element_type=\"section\" data-settings=\"{&quot;tmea_shape_divider_top&quot;:&quot;none&quot;,&quot;tmea_shape_divider_bottom&quot;:&quot;none&quot;}\">\n\t\t\t\t\t\t<div class=\"elementor-container elementor-column-gap-default\">\n\t\t\t\t\t<div class=\"elementor-column elementor-col-100 elementor-top-column elementor-element elementor-element-1c1706c\" data-id=\"1c1706c\" data-element_type=\"column\">\n\t\t\t<div class=\"elementor-widget-wrap\">\n\t\t\t\t\t\t\t<\/div>\n\t\t<\/div>\n\t\t\t\t\t<\/div>\n\t\t<\/section>\n\t\t\t\t<\/div>","protected":false},"excerpt":{"rendered":"<p>Kullan\u0131m Ko\u015fullar\u0131 Kullan\u0131m Ko\u015fullar\u0131 \u0130\u015fbu Kullan\u0131m Ko\u015fullar\u0131 ve Gizlilik Politikas\u0131,&nbsp;Sistem&nbsp;K\u00fcmes Ekipmanlar\u0131 San. ve Tic. Ltd. \u015eti.&nbsp;internet sitesinin kullan\u0131c\u0131lara sa\u011flad\u0131\u011f\u0131 bilgi ve hizmetlere ili\u015fkin h\u00fck\u00fcmleri d\u00fczenlemektedir.&nbsp;www.sistemtav.com\u2019a (\u201cSite\u201d) giren veya Site\u2019 deki herhangi bir bilgiyi kullanan her kullan\u0131c\u0131, Kullan\u0131m Ko\u015fullar\u0131 ve Gizlilik Politikas\u0131ndan yer alan h\u00fck\u00fcmleri okumu\u015f ve kabul etmi\u015f say\u0131lacakt\u0131r. KULLANIM KO\u015eULLARI Site\u2019 de yer alan [&hellip;]<\/p>","protected":false},"author":1,"featured_media":0,"parent":0,"menu_order":0,"comment_status":"closed","ping_status":"closed","template":"","meta":{"footnotes":""},"class_list":["post-1863","page","type-page","status-publish","hentry"],"_links":{"self":[{"href":"https:\/\/utcstav.com\/en\/wp-json\/wp\/v2\/pages\/1863","targetHints":{"allow":["GET"]}}],"collection":[{"href":"https:\/\/utcstav.com\/en\/wp-json\/wp\/v2\/pages"}],"about":[{"href":"https:\/\/utcstav.com\/en\/wp-json\/wp\/v2\/types\/page"}],"author":[{"embeddable":true,"href":"https:\/\/utcstav.com\/en\/wp-json\/wp\/v2\/users\/1"}],"replies":[{"embeddable":true,"href":"https:\/\/utcstav.com\/en\/wp-json\/wp\/v2\/comments?post=1863"}],"version-history":[{"count":0,"href":"https:\/\/utcstav.com\/en\/wp-json\/wp\/v2\/pages\/1863\/revisions"}],"wp:attachment":[{"href":"https:\/\/utcstav.com\/en\/wp-json\/wp\/v2\/media?parent=1863"}],"curies":[{"name":"wp","href":"https:\/\/api.w.org\/{rel}","templated":true}]}}