{"id":1859,"date":"2023-05-21T09:58:36","date_gmt":"2023-05-21T06:58:36","guid":{"rendered":"https:\/\/utcstav.com\/?page_id=1859"},"modified":"2023-10-25T20:32:56","modified_gmt":"2023-10-25T17:32:56","slug":"gizlilik-politikasi","status":"publish","type":"page","link":"https:\/\/utcstav.com\/en\/privacy-policy\/","title":{"rendered":"Privacy Policy"},"content":{"rendered":"<div data-elementor-type=\"wp-page\" data-elementor-id=\"1859\" class=\"elementor elementor-1859\">\n\t\t\t\t\t\t<section class=\"elementor-section elementor-top-section elementor-element elementor-element-cc8af21 elementor-section-boxed elementor-section-height-default elementor-section-height-default\" data-id=\"cc8af21\" data-element_type=\"section\" data-settings=\"{&quot;background_background&quot;:&quot;slideshow&quot;,&quot;background_slideshow_gallery&quot;:[{&quot;id&quot;:1203,&quot;url&quot;:&quot;https:\\\/\\\/gaviaspreview.com\\\/wp\\\/conult\\\/wp-content\\\/uploads\\\/2021\\\/12\\\/bg-9.jpg&quot;},{&quot;id&quot;:1008,&quot;url&quot;:&quot;https:\\\/\\\/gaviaspreview.com\\\/wp\\\/conult\\\/wp-content\\\/uploads\\\/2021\\\/10\\\/breadcrumb.jpg&quot;}],&quot;background_slideshow_ken_burns&quot;:&quot;yes&quot;,&quot;tmea_shape_divider_top&quot;:&quot;none&quot;,&quot;tmea_shape_divider_bottom&quot;:&quot;none&quot;,&quot;background_slideshow_loop&quot;:&quot;yes&quot;,&quot;background_slideshow_slide_duration&quot;:5000,&quot;background_slideshow_slide_transition&quot;:&quot;fade&quot;,&quot;background_slideshow_transition_duration&quot;:500,&quot;background_slideshow_ken_burns_zoom_direction&quot;:&quot;in&quot;}\">\n\t\t\t\t\t\t<div class=\"elementor-container elementor-column-gap-default\">\n\t\t\t\t\t<div class=\"elementor-column elementor-col-100 elementor-top-column elementor-element elementor-element-1081aa2\" data-id=\"1081aa2\" data-element_type=\"column\">\n\t\t\t<div class=\"elementor-widget-wrap elementor-element-populated\">\n\t\t\t\t\n\t\t<div class=\"elementor-element elementor-element-c7f03a3 elementor-widget elementor-widget-gva-heading-block\" data-id=\"c7f03a3\" data-element_type=\"widget\" data-widget_type=\"gva-heading-block.default\">\n\t\t\t\t<div class=\"elementor-widget-container\">\n\t\t\t\t\t<div class=\"gva-element-gva-heading-block gva-element\">   <div class=\"align-center style-1 widget gsc-heading box-align-left auto-responsive\">\r\n      <div class=\"content-inner\">\r\n         \r\n         \r\n         \r\n           \r\n         \r\n                     <h2 class=\"title\">\r\n               <span>Privacy Policy<\/span>\r\n            <\/h2>\r\n                  \r\n         \r\n      <\/div>\r\n   <\/div>\r\n<\/div>\t\t\t\t<\/div>\n\t\t\t\t<\/div>\n\t\t\t\t\t<\/div>\n\t\t<\/div>\n\t\t\t\t\t<\/div>\n\t\t<\/section>\n\t\t\t\t<section class=\"elementor-section elementor-top-section elementor-element elementor-element-4c28251 elementor-section-boxed elementor-section-height-default elementor-section-height-default\" data-id=\"4c28251\" data-element_type=\"section\" data-settings=\"{&quot;tmea_shape_divider_top&quot;:&quot;none&quot;,&quot;tmea_shape_divider_bottom&quot;:&quot;none&quot;}\">\n\t\t\t\t\t\t<div class=\"elementor-container elementor-column-gap-default\">\n\t\t\t\t\t<div class=\"elementor-column elementor-col-100 elementor-top-column elementor-element elementor-element-3723b0c\" data-id=\"3723b0c\" data-element_type=\"column\">\n\t\t\t<div class=\"elementor-widget-wrap elementor-element-populated\">\n\t\t\t\t\t\t<div class=\"elementor-element elementor-element-e8a390c elementor-widget elementor-widget-heading\" data-id=\"e8a390c\" data-element_type=\"widget\" data-widget_type=\"heading.default\">\n\t\t\t\t<div class=\"elementor-widget-container\">\n\t\t\t\t\t<h2 class=\"elementor-heading-title elementor-size-default\">Privacy Policy<\/h2>\t\t\t\t<\/div>\n\t\t\t\t<\/div>\n\t\t\t\t<section class=\"elementor-section elementor-inner-section elementor-element elementor-element-3a7b401 elementor-section-boxed elementor-section-height-default elementor-section-height-default\" data-id=\"3a7b401\" data-element_type=\"section\" data-settings=\"{&quot;tmea_shape_divider_top&quot;:&quot;none&quot;,&quot;tmea_shape_divider_bottom&quot;:&quot;none&quot;}\">\n\t\t\t\t\t\t<div class=\"elementor-container elementor-column-gap-default\">\n\t\t\t\t\t<div class=\"elementor-column elementor-col-100 elementor-inner-column elementor-element elementor-element-291d273\" data-id=\"291d273\" data-element_type=\"column\">\n\t\t\t<div class=\"elementor-widget-wrap elementor-element-populated\">\n\t\t\t\t\t\t<div class=\"elementor-element elementor-element-1ff829c elementor-widget elementor-widget-text-editor\" data-id=\"1ff829c\" data-element_type=\"widget\" data-widget_type=\"text-editor.default\">\n\t\t\t\t<div class=\"elementor-widget-container\">\n\t\t\t\t\t\t\t\t\t<ol>\n<li style=\"text-align: justify;\">All kinds of data on the Site <strong><span>System Poultry Equipment Industry and Trade Ltd. Co.<\/span><\/strong>&nbsp;No data on the Site, including code and software, can be modified, copied, reproduced, republished, transmitted, distributed, translated into another language or installed on another computer.<\/li>\n<li style=\"text-align: justify;\"><strong><span>System Poultry Equipment Industry and Trade Ltd. Co.<\/span><\/strong>By entering the personal and\/or non-personal information (statistical data on transactions made on the Site and similar) you provide through the Site, the User may enter their information into the application form or any other field on the Site. <strong><span>System Poultry Equipment Industry and Trade Ltd. Co.<\/span><\/strong>&nbsp;accepts and undertakes that he\/she consents to its use within the scope of this article.<\/li>\n<li style=\"text-align: justify;\"><strong><span>System Poultry Equipment Industry and Trade Ltd. Co.<\/span><\/strong> The Site has taken measures within the available means to protect the information entered by the user against unauthorized access, misuse, and\/or alteration. However, due to the nature of the internet, no system is completely secure, and therefore, information may be obtained and used by unauthorized persons at any time. The user shall not be liable for any unauthorized use in such a case. <strong><span>System Poultry Equipment Industry and Trade Ltd. Co.<\/span><\/strong>accepts and declares that it cannot be held responsible in any way.<\/li>\n<li style=\"text-align: justify;\">Request of official authorities and\/or user <strong><span>System Poultry Equipment Industry and Trade Ltd. Co.<\/span><\/strong>&nbsp;Any intervention that would prevent or affect its operation, upon detection of an electronic attack&nbsp;<strong><span><span style=\"font-weight: bolder;\"><span>System&nbsp;<\/span><\/span>Poultry Equipment Industry and Trade Ltd. Co.<\/span><\/strong>&nbsp;has the right to investigate the user's information and report it to the legal authorities in accordance with the legislation.<\/li>\n<li style=\"text-align: justify;\"><strong><span><span style=\"font-weight: bolder;\"><span>System&nbsp;<\/span><\/span>Poultry Equipment Industry and Trade Ltd. Co.<\/span><\/strong> The user has the right to contact the user via letter, email, SMS, phone call, or similar means for marketing, communication, notification, and other purposes, based on the user information entered in the application form or any other field on the Site. Unless otherwise stated in writing, the user shall:&nbsp;<strong><span><span style=\"font-weight: bolder;\"><span>System&nbsp;<\/span><\/span>Poultry Equipment Industry and Trade Ltd. Co.<\/span><\/strong>&nbsp;accepts that may engage in the above-mentioned communication activities towards him\/her.<\/li>\n<li style=\"text-align: justify;\">To help identify users, information called \"cookies\" may be placed on the user's computer from time to time to help improve the Site. (The use of cookies is an industry standard and many websites use this method.)<\/li>\n<li style=\"text-align: justify;\">By using the Site, the User accepts, declares and undertakes that he\/she has read this Privacy Policy in its entirety, fully understood its content and approved all its provisions.&nbsp;<strong><span><span style=\"font-weight: bolder;\"><span class=\"selectable-text copyable-text\">System&nbsp;<\/span><\/span>Poultry Equipment Industry and Trade Ltd. Co.<\/span><\/strong>reserves the right to reject the application request of the user who violates the Privacy Policy and\/or to cancel the contract signed via the internet and to take legal and\/or criminal action against the user.<\/li>\n<\/ol>\t\t\t\t\t\t\t\t<\/div>\n\t\t\t\t<\/div>\n\t\t\t\t\t<\/div>\n\t\t<\/div>\n\t\t\t\t\t<\/div>\n\t\t<\/section>\n\t\t\t\t\t<\/div>\n\t\t<\/div>\n\t\t\t\t\t<\/div>\n\t\t<\/section>\n\t\t\t\t<section class=\"elementor-section elementor-top-section elementor-element elementor-element-31c9255 elementor-section-boxed elementor-section-height-default elementor-section-height-default\" data-id=\"31c9255\" data-element_type=\"section\" data-settings=\"{&quot;tmea_shape_divider_top&quot;:&quot;none&quot;,&quot;tmea_shape_divider_bottom&quot;:&quot;none&quot;}\">\n\t\t\t\t\t\t<div class=\"elementor-container elementor-column-gap-default\">\n\t\t\t\t\t<div class=\"elementor-column elementor-col-100 elementor-top-column elementor-element elementor-element-f44f625\" data-id=\"f44f625\" data-element_type=\"column\">\n\t\t\t<div class=\"elementor-widget-wrap\">\n\t\t\t\t\t\t\t<\/div>\n\t\t<\/div>\n\t\t\t\t\t<\/div>\n\t\t<\/section>\n\t\t\t\t<\/div>","protected":false},"excerpt":{"rendered":"<p>Gizlilik Politikas\u0131 Gizlilik Politikas\u0131 Site\u2019deki her t\u00fcrl\u00fc veri Sistem K\u00fcmes Ekipmanlar\u0131 San. ve Tic. Ltd. \u015eti.&nbsp;m\u00fclkiyetindedir. Kod ve yaz\u0131l\u0131m da d\u00e2hil olmak \u00fczere Site\u2019deki hi\u00e7bir veri de\u011fi\u015ftirilemez, kopyalanamaz, \u00e7o\u011falt\u0131lamaz, yeniden yay\u0131nlanamaz, iletilemez, da\u011f\u0131t\u0131lamaz, ba\u015fka bir dile \u00e7evrilemez ve ba\u015fka bir bilgisayara y\u00fcklenemez. Sistem K\u00fcmes Ekipmanlar\u0131 San. ve Tic. Ltd. \u015eti., Site \u00fczerinden vermi\u015f oldu\u011funuz ki\u015fisel [&hellip;]<\/p>","protected":false},"author":1,"featured_media":0,"parent":0,"menu_order":0,"comment_status":"closed","ping_status":"closed","template":"","meta":{"footnotes":""},"class_list":["post-1859","page","type-page","status-publish","hentry"],"_links":{"self":[{"href":"https:\/\/utcstav.com\/en\/wp-json\/wp\/v2\/pages\/1859","targetHints":{"allow":["GET"]}}],"collection":[{"href":"https:\/\/utcstav.com\/en\/wp-json\/wp\/v2\/pages"}],"about":[{"href":"https:\/\/utcstav.com\/en\/wp-json\/wp\/v2\/types\/page"}],"author":[{"embeddable":true,"href":"https:\/\/utcstav.com\/en\/wp-json\/wp\/v2\/users\/1"}],"replies":[{"embeddable":true,"href":"https:\/\/utcstav.com\/en\/wp-json\/wp\/v2\/comments?post=1859"}],"version-history":[{"count":0,"href":"https:\/\/utcstav.com\/en\/wp-json\/wp\/v2\/pages\/1859\/revisions"}],"wp:attachment":[{"href":"https:\/\/utcstav.com\/en\/wp-json\/wp\/v2\/media?parent=1859"}],"curies":[{"name":"wp","href":"https:\/\/api.w.org\/{rel}","templated":true}]}}